{"id":3878,"date":"2023-10-18T13:27:11","date_gmt":"2023-10-18T11:27:11","guid":{"rendered":"https:\/\/creativeplanet.pl\/oferty-pracy\/"},"modified":"2025-09-02T16:06:57","modified_gmt":"2025-09-02T14:06:57","slug":"oferty-pracy","status":"publish","type":"page","link":"https:\/\/creativeplanet.pl\/pl\/oferty-pracy\/","title":{"rendered":"Oferty pracy"},"content":{"rendered":"<p><div class=\"fusion-fullwidth fullwidth-box fusion-builder-row-1 fusion-flex-container max-width-panel hundred-percent-fullwidth non-hundred-percent-height-scrolling\" style=\"background-color: rgba(255,255,255,0);background-position: center center;background-repeat: no-repeat;border-width: 0px 0px 0px 0px;border-color:#e2e2e2;border-style:solid;\" ><div class=\"fusion-builder-row fusion-row fusion-flex-align-items-stretch\" style=\"width:calc( 100% + 0px ) !important;max-width:calc( 100% + 0px ) !important;margin-left: calc(-0px \/ 2 );margin-right: calc(-0px \/ 2 );\"><div class=\"fusion-layout-column fusion_builder_column fusion-builder-column-0 fusion_builder_column_2_5 2_5 fusion-flex-column\"><div class=\"fusion-column-wrapper lazyload fusion-flex-justify-content-center fusion-content-layout-column\" style=\"background-position:center center;background-repeat:no-repeat;-webkit-background-size:cover;-moz-background-size:cover;-o-background-size:cover;background-size:cover;background-color:#000000;padding: 0px 0px 0px 0px;\" data-bg-url=\"https:\/\/static.creativeplanet.pl\/20231018123540\/team-scaled.jpg\" data-bg=\"https:\/\/static.creativeplanet.pl\/20231018123540\/team-scaled.jpg\"><\/div><style type=\"text\/css\">.fusion-body .fusion-builder-column-0{width:40% !important;margin-top : 0px;margin-bottom : 0px;}.fusion-builder-column-0 > .fusion-column-wrapper {padding-top : 0px !important;padding-right : 0 !important;margin-right : 0;padding-bottom : 0 !important;padding-left : 0 !important;margin-left : 0px;}@media only screen and (max-width:1024px) {.fusion-body .fusion-builder-column-0{width:100% !important;order : 0;}.fusion-builder-column-0 > .fusion-column-wrapper {margin-right : 0px;margin-left : 0px;}}@media only screen and (max-width:640px) {.fusion-body .fusion-builder-column-0{width:100% !important;order : 0;}.fusion-builder-column-0 > .fusion-column-wrapper {margin-right : 0px;margin-left : 0px;}}<\/style><\/div><div class=\"fusion-layout-column fusion_builder_column fusion-builder-column-1 fusion_builder_column_3_5 3_5 fusion-flex-column movie-content-wrap\"><div class=\"fusion-column-wrapper fusion-flex-justify-content-center fusion-content-layout-column\" style=\"background-position:left top;background-repeat:no-repeat;-webkit-background-size:cover;-moz-background-size:cover;-o-background-size:cover;background-size:cover;background-color:#000000;padding: 38px 80px 39px 80px;\"><div class=\"fusion-text fusion-text-1\"><h2>Do\u0142\u0105cz do Creative Planet!<\/h2>\n<p><strong>Creative Planet<\/strong> to studio animacji filmowej specjalizuj\u0105ce si\u0119 w tworzeniu immersyjnych film\u00f3w edukacyjnych fulldome &#8211; wy\u015bwietlanych na kopu\u0142ach planetari\u00f3w. Jako jedni z pionier\u00f3w tej technologii w Europie, od lat rozwijamy produkcj\u0119 film\u00f3w 360\u00b0 i dostarczamy niezapomniane do\u015bwiadczenia widzom na ca\u0142ym \u015bwiecie.<\/p>\n<p>Nasz najnowszy film &#8211; <strong>The Stellars<\/strong> &#8211; zosta\u0142 uhonorowany presti\u017cowymi nagrodami bran\u017cowymi:<\/p>\n<ul>\n<li><strong>Best Movie<\/strong> &#8211; Fulldome Festival Brno, Czechy<\/li>\n<li><strong>Best Children\u2019s Show<\/strong> &#8211; Dome Fest West, USA<\/li>\n<li><strong>Planetarium Director\u2019s Choice Award<\/strong> &#8211; Daegu Dome Festival, Korea Po\u0142udniowa<\/li>\n<\/ul>\n<p>Jeste\u015bmy zgranym zespo\u0142em kreatywnych profesjonalist\u00f3w, a nasze studio znajduje si\u0119 w Warszawie, tu\u017c obok stacji metra. Oferujemy kompleksowe us\u0142ugi w zakresie produkcji i dystrybucji film\u00f3w fulldome<\/p>\n<\/div><\/div><style type=\"text\/css\">.fusion-body .fusion-builder-column-1{width:60% !important;margin-top : 0px;margin-bottom : 0px;}.fusion-builder-column-1 > .fusion-column-wrapper {padding-top : 38px !important;padding-right : 80 !important;margin-right : 0px;padding-bottom : 39px !important;padding-left : 80 !important;margin-left : 0px;}@media only screen and (max-width:1024px) {.fusion-body .fusion-builder-column-1{width:100% !important;order : 0;}.fusion-builder-column-1 > .fusion-column-wrapper {margin-right : 0px;margin-left : 0px;}}@media only screen and (max-width:640px) {.fusion-body .fusion-builder-column-1{width:100% !important;order : 0;}.fusion-builder-column-1 > .fusion-column-wrapper {margin-right : 0px;margin-left : 0px;}}<\/style><\/div><\/div><style type=\"text\/css\">.fusion-body .fusion-flex-container.fusion-builder-row-1{ padding-top : 0px;margin-top : 40px;padding-right : 0px;padding-bottom : 0px;margin-bottom : 40px;padding-left : 0px;}<\/style><\/div><div class=\"fusion-fullwidth fullwidth-box fusion-builder-row-2 fusion-flex-container nonhundred-percent-fullwidth non-hundred-percent-height-scrolling\" style=\"background-color: #0c0c0c;background-position: center center;background-repeat: no-repeat;border-width: 0px 0px 0px 0px;border-color:#e2e2e2;border-style:solid;\" ><div class=\"fusion-builder-row fusion-row fusion-flex-align-items-flex-start\" style=\"max-width:1248px;margin-left: calc(-4% \/ 2 );margin-right: calc(-4% \/ 2 );\"><div class=\"fusion-layout-column fusion_builder_column fusion-builder-column-2 fusion_builder_column_1_1 1_1 fusion-flex-column\"><div class=\"fusion-column-wrapper fusion-flex-justify-content-flex-start fusion-content-layout-column\" style=\"background-position:left top;background-repeat:no-repeat;-webkit-background-size:cover;-moz-background-size:cover;-o-background-size:cover;background-size:cover;padding: 0px 0px 0px 0px;\"><style type=\"text\/css\">@media only screen and (max-width:1024px) {.fusion-title.fusion-title-1{margin-top:10px!important; margin-right:0px!important;margin-bottom:30px!important;margin-left:0px!important;}}@media only screen and (max-width:640px) {.fusion-title.fusion-title-1{margin-top:10px!important; margin-right:0px!important;margin-bottom:10px!important; margin-left:0px!important;}}<\/style><div class=\"fusion-title title fusion-title-1 fusion-title-center fusion-title-text fusion-title-size-one\" style=\"margin-top:10px;margin-right:0px;margin-bottom:30px;margin-left:0px;\"><div class=\"title-sep-container title-sep-container-left\"><div class=\"title-sep sep-single sep-solid\" style=\"border-color:#ffffff;\"><\/div><\/div><h1 class=\"title-heading-center fusion-responsive-typography-calculated\" style=\"margin:0;--fontSize:54;line-height:1.16;\">Oferta pracy: wsparcie operacyjne<\/h1><div class=\"title-sep-container title-sep-container-right\"><div class=\"title-sep sep-single sep-solid\" style=\"border-color:#ffffff;\"><\/div><\/div><\/div><div class=\"fusion-text fusion-text-2\"><p><strong><span style=\"color: #00ccff;\">Praca stacjonarna w pe\u0142nym wymiarze (elastyczne godziny) w pi\u0119knej kamienicy w Warszawie blisko centrum, bezpo\u015brednio nad wyj\u015bciem ze stacji metra<\/span><\/strong><\/p>\n<p><!-- notionvc: 1d13430c-3fed-41ab-ae06-20b206079678 --><\/p>\n<\/div><div class=\"fusion-text fusion-text-3\"><p><b>Kogo szukamy?<\/b><\/p>\n<p>Szukamy osoby wszechstronnej, samodzielnej i dobrze zorganizowanej, z bardzo dobrym angielskim, kt\u00f3ra z energi\u0105 i zaanga\u017cowaniem podejmie si\u0119 zr\u00f3\u017cnicowanych zada\u0144 w firmie produkuj\u0105cej filmy animowane.<\/p>\n<ul>\n<\/ul>\n<p><b>To stanowisko idealne dla kogo\u015b, kto:<\/b><\/p>\n<ul>\n<li>dobrze czuje si\u0119 zar\u00f3wno w kontaktach z klientami i partnerami biznesowymi, jak i w pracy operacyjnej,<\/li>\n<li>sprawnie pos\u0142uguje si\u0119 komputerami i potrafi szybko uczy\u0107 si\u0119 nowych rzeczy,<\/li>\n<li>zna j\u0119zyk angielski na poziomie umo\u017cliwiaj\u0105cym p\u0142ynn\u0105 komunikacj\u0119 biznesow\u0105,<\/li>\n<li>nie boi si\u0119 prze\u0142\u0105cza\u0107 mi\u0119dzy zadaniami administracyjnymi, technicznymi i kreatywnymi.<\/li>\n<\/ul>\n<p><!-- notionvc: 1d13430c-3fed-41ab-ae06-20b206079678 --><\/p>\n<\/div><div class=\"fusion-text fusion-text-4\"><p><strong>Wymagania obowi\u0105zkowe:<\/strong><\/p>\n<ul>\n<li>bardzo dobra znajomo\u015b\u0107 j\u0119zyka angielskiego \u2013 co najmniej C1 w mowie i pi\u015bmie, umo\u017cliwiaj\u0105ca p\u0142ynn\u0105 swobodn\u0105 komunikacj\u0119 biznesow\u0105 i techniczn\u0105, prowadzenie prezentacji,<\/li>\n<li>dobra znajomo\u015b\u0107 obs\u0142ugi komputera w systemie MS Windows,<\/li>\n<li>ch\u0119\u0107 i zdolno\u015b\u0107 do nauki &#8211; jeste\u015bmy firm\u0105 technologiczn\u0105, dlatego czeka Ci\u0119 praca z zaawansowanymi narz\u0119dziami i nietypowymi wyzwaniami (oczekujemy co najmniej otwarto\u015bci na nauk\u0119 nowych narz\u0119dzi),<\/li>\n<li>gotowo\u015b\u0107 do podejmowania trudnych zada\u0144 \u2013 szukamy os\u00f3b, kt\u00f3re nie boj\u0105 si\u0119 wyzwa\u0144, a z\u0142o\u017cone i wymagaj\u0105ce zadania stanowi\u0105 dla nich motywacj\u0119, a nie barier\u0119,<\/li>\n<li>dok\u0142adno\u015b\u0107 i skrupulatno\u015b\u0107,<\/li>\n<li>otwarto\u015b\u0107 i komunikatywno\u015b\u0107 w relacjach wewn\u0119trznych i zewn\u0119trznych.<\/li>\n<\/ul>\n<p><!-- notionvc: ac723f06-116e-4a04-b3f2-4fa0d0ec2b27 --><\/p>\n<p><!-- notionvc: 1d13430c-3fed-41ab-ae06-20b206079678 --><\/p>\n<\/div><div class=\"fusion-text fusion-text-5\"><p><strong>Mile widziane<\/strong>:<\/p>\n<ul>\n<li>do\u015bwiadczenie w pracy w j\u0119zyku angielskim,<\/li>\n<li>\u0142atwo\u015b\u0107 nawi\u0105zywania kontakt\u00f3w i budowanie relacji,<\/li>\n<li>znajomo\u015b\u0107 j\u0119zyka niemieckiego lub francuskiego,<\/li>\n<li>swobodne poruszanie si\u0119 po mediach spo\u0142eczno\u015bciowych i lekko\u015b\u0107 w publikowaniu tre\u015bci.<\/li>\n<\/ul>\n<p><!-- notionvc: 7a482c29-b2e3-43a4-9451-0a703f0253d3 --><\/p>\n<p><!-- notionvc: ac723f06-116e-4a04-b3f2-4fa0d0ec2b27 --><\/p>\n<p><!-- notionvc: 1d13430c-3fed-41ab-ae06-20b206079678 --><\/p>\n<\/div><\/div><style type=\"text\/css\">.fusion-body .fusion-builder-column-2{width:100% !important;margin-top : 0px;margin-bottom : 0px;}.fusion-builder-column-2 > .fusion-column-wrapper {padding-top : 0px !important;padding-right : 0px !important;margin-right : 1.92%;padding-bottom : 0 !important;padding-left : 0px !important;margin-left : 1.92%;}@media only screen and (max-width:1024px) {.fusion-body .fusion-builder-column-2{width:100% !important;order : 0;}.fusion-builder-column-2 > .fusion-column-wrapper {margin-right : 1.92%;margin-left : 1.92%;}}@media only screen and (max-width:640px) {.fusion-body .fusion-builder-column-2{width:100% !important;order : 0;}.fusion-builder-column-2 > .fusion-column-wrapper {margin-right : 1.92%;margin-left : 1.92%;}}<\/style><\/div><div class=\"fusion-layout-column fusion_builder_column fusion-builder-column-3 fusion_builder_column_1_1 1_1 fusion-flex-column\"><div class=\"fusion-column-wrapper fusion-flex-justify-content-flex-start fusion-content-layout-column\" style=\"background-position:left top;background-repeat:no-repeat;-webkit-background-size:cover;-moz-background-size:cover;-o-background-size:cover;background-size:cover;padding: 0px 0px 0px 0px;\"><div class=\"fusion-text fusion-text-6\"><p><strong>G\u0142\u00f3wne obszary gdzie potrzebujemy wsparcia:<\/strong><\/p>\n<p><span style=\"color: #ffa6a6;\"><strong><span class=\"notion-enable-hover\" data-token-index=\"0\">Uwaga! <\/span><\/strong><\/span><span class=\"notion-enable-hover\" data-token-index=\"1\">Nie oczekujemy, \u017ce b\u0119dziesz robi\u0107 to wszystko naraz ani \u017ce to wszystko ju\u017c umiesz.<\/span> To s\u0105 obszary, kt\u00f3re u nas istniej\u0105 i potrzebuj\u0105 wsparcia \u2013 je\u015bli kt\u00f3ry\u015b z nich nie b\u0119dzie Ci odpowiada\u0142 lub nie b\u0119dzie dzia\u0142a\u0142, to nic z\u0142ego. Szukamy osoby, kt\u00f3ra b\u0119dzie z nami szuka\u0107 najlepszych rozwi\u0105za\u0144 i rozwinie si\u0119 w tych zadaniach, kt\u00f3re s\u0105 dla niej naturalne.<\/p>\n<\/div><div class=\"fusion-text fusion-text-7\"><ol>\n<li>Sprzeda\u017c licencji filmowych w formule B2B (kontakt z klientami g\u0142\u00f3wnie po angielsku)\n<ul>\n<li>Prezentowanie oferty handlowej firmy: telefonicznie, mailowo, podczas targ\u00f3w i spotka\u0144<\/li>\n<li>Przygotowywanie dokument\u00f3w ofertowych oraz um\u00f3w<\/li>\n<li>Negocjowanie warunk\u00f3w wsp\u00f3\u0142pracy<\/li>\n<li>Wprowadzanie i aktualizacja danych w systemie CRM<\/li>\n<li>Fakturo\u00adwanie i kontrola p\u0142atno\u015bci<\/li>\n<li>Wsp\u00f3\u0142praca z dystrybutorami i innymi producentami: aktualizacja katalogu oraz dodawanie nowych tytu\u0142\u00f3w<\/li>\n<li>Przygotowywanie i dostarczanie materia\u0142\u00f3w dla klient\u00f3w (re-enkodowanie, \u201eslicing\u201d, przygotowanie i wysy\u0142ka dysk\u00f3w twardych i finalnych paczek z materia\u0142ami digitalowymi dla klient\u00f3w)<\/li>\n<li>Budowanie i utrzymywanie relacji z klientami: monitorowanie satysfakcji, wsparcie w bie\u017c\u0105cych potrzebach, szybkie reagowanie na zg\u0142oszenia<\/li>\n<\/ul>\n<\/li>\n<li>Wsparcie operacyjne i biurowe\n<ul>\n<li>Obs\u0142uga dokument\u00f3w kosztowych i rozlicze\u0144<\/li>\n<li>Organizacja spotka\u0144 i korespondencja wewn\u0119trzna<\/li>\n<li>Zakupy biurowe<\/li>\n<li>Tworzenie i optymalizacja proces\u00f3w wewn\u0119trznych i automatyzacja powtarzalnych zada\u0144<\/li>\n<li>Rozw\u00f3j firmowych narz\u0119dzi<\/li>\n<li>Tworzenie dokumentacji proces\u00f3w i instrukcji obs\u0142ugi narz\u0119dzi<\/li>\n<\/ul>\n<\/li>\n<li>Marketing i komunikacja\n<ul>\n<li>Tworzenie i aktualizacja materia\u0142\u00f3w dla klient\u00f3w (poradniki, tutoriale, FAQ)<\/li>\n<li>Zamawianie, produkcja i koordynacja produkcji materia\u0142\u00f3w promocyjnych (ulotki, roll-upy, wizyt\u00f3wki)<\/li>\n<li>Zarz\u0105dzanie kalendarzem event\u00f3w: organizacja udzia\u0142u i udzia\u0142 w targach\/festiwalach bran\u017cowych, pilnowanie deadlin\u00f3w<\/li>\n<li>Zg\u0142aszanie film\u00f3w na festiwale oraz logistyka ich dostarczania<\/li>\n<li>Prowadzenie kana\u0142\u00f3w social media (Facebook, Instagram)<\/li>\n<li>Aktualizacja strony internetowej<\/li>\n<\/ul>\n<\/li>\n<li>Produkcja i archiwizacja\n<ul>\n<li>Koordynacja produkcji materia\u0142\u00f3w marketingowych i nowych wersji j\u0119zykowych<\/li>\n<li>Wsparcie techniczne przy obs\u0142udze firmowej renderfarmy, w tym samodzielne jej u\u017cytkowanie<\/li>\n<li>Archiwizacja element\u00f3w procesu produkcji filmowej (nowe wersje j\u0119zykowe, klipy filmowe, materia\u0142y marketingowe, paczki plik\u00f3w)<\/li>\n<\/ul>\n<\/li>\n<\/ol>\n<p><!-- notionvc: a8e92998-7421-4191-9391-a5d307d93613 --><\/p>\n<\/div><div class=\"fusion-text fusion-text-8\"><p><strong>G\u0142\u00f3wne narz\u0119dzia wykorzystywane w pracy:<\/strong><\/p>\n<ul>\n<li>MS Windows<\/li>\n<li>Pakiet Adobe (Photoshop, After Effects, Indesign, Ilustrator)<\/li>\n<li>Pakiet office: (Word, Excel, Outlook)<\/li>\n<li>Total Commander<\/li>\n<li>Wiersz Polece\u0144 (windows CMD)<\/li>\n<li>Narz\u0119dzia typu cli: FFMPEG, SOX, IMAGEMAGICK<\/li>\n<li>Narz\u0119dzia online: Notion, Pipedrive, Dropbox<\/li>\n<li>Nasze wewn\u0119trzne narz\u0119dzia i automatyzacje programujemy g\u0142\u00f3wnie z wykorzystaniem: NodeJS oraz Python. U\u017cywamy te\u017c HTML + CSS + JS. Wykorzystujemy GIT i GITHUB do kontroli wersji, oraz Google Cloud i MongoDB do hostowania i rozwijania naszych rozwi\u0105za\u0144<\/li>\n<\/ul>\n<\/div><div class=\"fusion-text fusion-text-9\"><p><strong>Jak aplikowa\u0107?<\/strong><\/p>\n<ul>\n<li>Wy\u015blij swoje CV na adres: <a class=\"classic\" href=\"mailto:jobs@creativeplanet.pl\">jobs@creativeplanet.pl<\/a><\/li>\n<li>Prosimy o umieszczenie w CV nast\u0119puj\u0105cych zg\u00f3d na przetwarzanie danych osobowych:\n<ul>\n<li><strong>Obowi\u0105zkowo:<\/strong> <em>&#8222;Wyra\u017cam zgod\u0119 na przetwarzanie moich danych osobowych zawartych w przes\u0142anym CV na potrzeby procesu rekrutacyjnego prowadzonego przez Creative Planet Maciej Ligowski zgodnie z Rozporz\u0105dzeniem Parlamentu Europejskiego i Rady (UE) 2016\/679 (RODO).&#8221;<\/em><\/li>\n<li><strong>Opcjonalnie:<\/strong><em> &#8222;Wyra\u017cam tak\u017ce zgod\u0119 na przetwarzanie moich danych osobowych na potrzeby przysz\u0142ych proces\u00f3w rekrutacyjnych prowadzonych przez Creative Planet Maciej Ligowski.&#8221;<\/em><\/li>\n<\/ul>\n<\/li>\n<\/ul>\n<\/div><\/div><style type=\"text\/css\">.fusion-body .fusion-builder-column-3{width:100% !important;margin-top : 0px;margin-bottom : 20px;}.fusion-builder-column-3 > .fusion-column-wrapper {padding-top : 0px !important;padding-right : 0px !important;margin-right : 1.92%;padding-bottom : 0px !important;padding-left : 0px !important;margin-left : 1.92%;}@media only screen and (max-width:1024px) {.fusion-body .fusion-builder-column-3{width:100% !important;order : 0;}.fusion-builder-column-3 > .fusion-column-wrapper {margin-right : 1.92%;margin-left : 1.92%;}}@media only screen and (max-width:640px) {.fusion-body .fusion-builder-column-3{width:100% !important;order : 0;}.fusion-builder-column-3 > .fusion-column-wrapper {margin-right : 1.92%;margin-left : 1.92%;}}<\/style><\/div><\/div><style type=\"text\/css\">.fusion-body .fusion-flex-container.fusion-builder-row-2{ padding-top : 60px;margin-top : 0px;padding-right : 0px;padding-bottom : 0px;margin-bottom : 0;padding-left : 0px;}<\/style><\/div><\/p>\n","protected":false},"excerpt":{"rendered":"","protected":false},"author":1,"featured_media":0,"parent":0,"menu_order":0,"comment_status":"closed","ping_status":"closed","template":"100-width.php","meta":{"_vp_format_video_url":"","_vp_image_focal_point":[]},"aioseo_notices":[],"_links":{"self":[{"href":"https:\/\/creativeplanet.pl\/pl\/wp-json\/wp\/v2\/pages\/3878"}],"collection":[{"href":"https:\/\/creativeplanet.pl\/pl\/wp-json\/wp\/v2\/pages"}],"about":[{"href":"https:\/\/creativeplanet.pl\/pl\/wp-json\/wp\/v2\/types\/page"}],"author":[{"embeddable":true,"href":"https:\/\/creativeplanet.pl\/pl\/wp-json\/wp\/v2\/users\/1"}],"replies":[{"embeddable":true,"href":"https:\/\/creativeplanet.pl\/pl\/wp-json\/wp\/v2\/comments?post=3878"}],"version-history":[{"count":12,"href":"https:\/\/creativeplanet.pl\/pl\/wp-json\/wp\/v2\/pages\/3878\/revisions"}],"predecessor-version":[{"id":5038,"href":"https:\/\/creativeplanet.pl\/pl\/wp-json\/wp\/v2\/pages\/3878\/revisions\/5038"}],"wp:attachment":[{"href":"https:\/\/creativeplanet.pl\/pl\/wp-json\/wp\/v2\/media?parent=3878"}],"curies":[{"name":"wp","href":"https:\/\/api.w.org\/{rel}","templated":true}]}}